{"id":299,"date":"2025-12-18T13:55:19","date_gmt":"2025-12-18T13:55:19","guid":{"rendered":"https:\/\/autoservice-wien.com\/?page_id=299"},"modified":"2025-12-18T13:56:33","modified_gmt":"2025-12-18T13:56:33","slug":"datenschutz","status":"publish","type":"page","link":"https:\/\/autoservice-wien.com\/?page_id=299","title":{"rendered":"Datenschutz"},"content":{"rendered":"\n<p>Mit dieser Datenschutzmitteilung legt B&amp;A Design GmbH, Leberstra\u00dfe 118A, 1110 Wien, \u00d6sterreich, dar welche und wie deine personenbezogenen Daten verarbeitet werden.<\/p>\n\n\n\n<p>Der Schutz deiner pers\u00f6nlichen Daten ist uns ein besonderes Anliegen. Wir verarbeiten deine Daten daher ausschlie\u00dflich auf Grundlage der gesetzlichen Bestimmungen (DSGVO, TKG 2003). In diesen Datenschutzinformationen informieren wir dich \u00fcber die wichtigsten Aspekte der Datenverarbeitung im Rahmen unserer Website.<\/p>\n\n\n\n<p><strong>Kontakt mit The Detailer<\/strong><\/p>\n\n\n\n<p>Wenn du per Formular auf der Website oder per E-Mail Kontakt mit uns aufnimmst, werden deine angegebenen Daten zwecks Bearbeitung der Anfrage und f\u00fcr den Fall von Anschlussfragen bei uns gespeichert. Diese Daten geben wir nicht ohne deine Einwilligung weiter.<\/p>\n\n\n\n<p><strong>Verwendung von Social Media Plugins<\/strong><\/p>\n\n\n\n<p>Wir verwenden auf unserer Webseite, in unserer E-Mail-Signatur und auch sonst keine Social Media Plugins sondern blo\u00df Links die eine Weiterleitungsfunktion haben.<\/p>\n\n\n\n<p><strong>Analyse<\/strong><\/p>\n\n\n\n<p>Daten werden auf unserer Webseite anonym mit deaktivierten Cookies mittels Matomo gesammelt. Diese Daten werden lokal gespeichert.<\/p>\n\n\n\n<p><strong>Social Media und Blog<\/strong><\/p>\n\n\n\n<p>Wir sind in sozialen Medien vertreten (derzeit Facebook, Instagram sowie Linkedin), um dort mit Kunden und sonstigen Nutzern der sozialen Medien zu kommunizieren und diese \u00fcber uns zu informieren. Dabei k\u00f6nnen Daten der Nutzer au\u00dferhalb der Europ\u00e4ischen Unison verarbeitet werden. Anbieter aus den USA, die unter dem Privacy-Shield zertifiziert wurden, haben sich verpflichtet den Standards des Datenschutzes der Europ\u00e4ischen Union zu gen\u00fcgen.<\/p>\n\n\n\n<p>Wir weisen darauf hin, dass diese Anbieter von sozialen Medien in der Regel die Nutzerdaten verarbeiten, um Marktforschung zu betreiben und Werbezwecke zu verfolgen. In diesem Zusammenhang werden beispielsweise Nutzungsprofiele erstellt, um personenbezogene Werbeeinschaltungen zu generieren. Dies auch au\u00dferhalb der angesprochenen Social Media Plattformen. Die Anbieter von sozialen Medien k\u00f6nnen Cookies auf den Endger\u00e4ten der Nutzer speichern. Zu Cookies siehe unten.<\/p>\n\n\n\n<p>Die Verarbeitung personenbezogener Daten im Zusammenhang mit der Nutzung von sozialen Medien erfolgt auf Basis unseres berechtigten Interesses in effektiver Weise Informationen an Nutzer bereitzustellen sowie mit diesen zu kommunizieren (Art. 6 Abs. 1 lit. f DSGVO).<\/p>\n\n\n\n<p>Nachstehend findest du Datenschutzhinweise der Anbieter von uns verwendeter sozialer Medien:<\/p>\n\n\n\n<p>Facebook: https:\/\/www.facebook.com\/privacy\/explanation<\/p>\n\n\n\n<p>Instagram: https:\/\/help.instagram.com\/519522125107875<\/p>\n\n\n\n<p>Linkedin: https:\/\/privacy.linkedin.com\/de-de\/dsgvo<\/p>\n\n\n\n<p><strong>Cookies<\/strong><\/p>\n\n\n\n<p>Wir selbst verwenden auf unserer Webseite Cookies die notwendig sind, um die Geschwindigkeit der Webseiten zu erh\u00f6hen. Es werden von diesen weder Daten an Dritte \u00fcbermittelt, noch Daten \u00fcber die Nutzung der Webseiten mit anderen Daten verkn\u00fcpft und \/ oder ausgewertet. Diese Cookies haben rein technische Zwecke und werden f\u00fcr keine Nutzeranalysen verwendet.<\/p>\n\n\n\n<p>Die Anbieter von sozialen Medien (siehe den obigen Punkt) \u2013 auf denen wir vertreten sind \u2013 k\u00f6nnen Cookies verwenden. Bei einem Cookie handelt es sich um eine Datei, die im Fall des Besuchs einer Website auf deinem Ger\u00e4t gespeichert werden kann. Sie werden grunds\u00e4tzlich genutzt, um bestimmte Funktionen anzubieten (z.B. verbesserte Navigation oder Speicherung von Einstellungen). Die Cookies greifen auf keine anderen Daten zu oder verarbeiten diese.<\/p>\n\n\n\n<p>Die meisten der Cookies werden automatisch gel\u00f6scht, sobald die Website verlassen wird. Es werden aber auch dauerhafte Cookies verwendet, die auf deinem Ger\u00e4t gespeichert werden, bis sie manuell im Browser gel\u00f6scht werden. Solche dauerhaften Cookies werden von uns verwendet, damit eine Wiedererkennung erfolgt, sobald du die Website erneut aufrufen.<\/p>\n\n\n\n<p>Die Verwendung von Cookies auf deinem Ger\u00e4t kann von dir beeinflusst werden. Die Einstellungen des Browsers k\u00f6nnen so vorgenommen werden, dass eine Benachrichtigung erfolgt, wenn Seiten versuchen Cookies zu speichern. Cookies k\u00f6nnen auch generell blockiert werden und auch die L\u00f6schung ist m\u00f6glich, sofern bereits eine Speicherung stattgefunden hat. N\u00e4here Informationen hierzu kannst du in der Benutzeranleitung bzw. in der Hilfe deines Browsers finden.<\/p>\n\n\n\n<p>Werden Cookies blockiert oder gel\u00f6scht, kann dies die vollst\u00e4ndige und bestm\u00f6glichste Nutzung der Website einschr\u00e4nken.<\/p>\n\n\n\n<p><strong>Datensicherheit<\/strong><\/p>\n\n\n\n<p>Der Schutz deiner personenbezogenen Daten erfolgt durch entsprechende organisatorische und technische Vorkehrungen. Diese Vorkehrungen betreffen insbesondere den Schutz vor unerlaubtem, rechtswidrigem oder auch zuf\u00e4lligem Zugriff, Verarbeitung, Verlust, Verwendung und Manipulation. Ungeachtet der Bem\u00fchungen der Einhaltung eines stets angemessen hohen Standes der Sorgfaltsanforderungen kann nicht ausgeschlossen werden, dass Informationen, die du uns \u00fcber das Internet bekannt gibst, von anderen Personen eingesehen und genutzt werden.<\/p>\n\n\n\n<p>Bitte beachte, dass wir daher keine wie immer geartete Haftung f\u00fcr die Offenlegung von Informationen aufgrund nicht von uns verursachter Fehler bei der Daten\u00fcbertragung und\/oder unautorisiertem Zugriff durch Dritte \u00fcbernehmen (zB Hackangriff auf Email-Account bzw. Telefon, Abfangen von Faxen).<\/p>\n\n\n\n<p><strong>Deine Rechte<\/strong><\/p>\n\n\n\n<p>Dir stehen bez\u00fcglich deiner bei uns gespeicherten Daten grunds\u00e4tzlich die Rechte auf Auskunft, Berichtigung, L\u00f6schung, Einschr\u00e4nkung, Daten\u00fcbertragbarkeit, Widerruf und Widerspruch zu. Wenn du glaubst, dass die Verarbeitung deiner Daten gegen das Datenschutzrecht verst\u00f6\u00dft oder deine\u00a0 datenschutzrechtlichen Anspr\u00fcche sonst in einer Weise verletzt worden sind, kannst du dich bei info(at)badesign.at punkt at oder der Datenschutzbeh\u00f6rde beschweren.<\/p>\n\n\n\n<p><\/p>\n","protected":false},"excerpt":{"rendered":"<p>Mit dieser Datenschutzmitteilung legt B&amp;A Design GmbH, Leberstra\u00dfe 118A, 1110 Wien, \u00d6sterreich, dar welche und wie deine personenbezogenen Daten verarbeitet werden. Der Schutz deiner pers\u00f6nlichen Daten ist uns ein besonderes Anliegen. Wir verarbeiten deine Daten daher ausschlie\u00dflich auf Grundlage der gesetzlichen Bestimmungen (DSGVO, TKG 2003). In diesen Datenschutzinformationen informieren wir dich \u00fcber die wichtigsten Aspekte [&hellip;]<\/p>\n","protected":false},"author":1,"featured_media":0,"parent":0,"menu_order":0,"comment_status":"closed","ping_status":"closed","template":"","meta":{"_glsr_average":0,"_glsr_ranking":0,"_glsr_reviews":0,"footnotes":""},"class_list":["post-299","page","type-page","status-publish","hentry"],"_links":{"self":[{"href":"https:\/\/autoservice-wien.com\/index.php?rest_route=\/wp\/v2\/pages\/299","targetHints":{"allow":["GET"]}}],"collection":[{"href":"https:\/\/autoservice-wien.com\/index.php?rest_route=\/wp\/v2\/pages"}],"about":[{"href":"https:\/\/autoservice-wien.com\/index.php?rest_route=\/wp\/v2\/types\/page"}],"author":[{"embeddable":true,"href":"https:\/\/autoservice-wien.com\/index.php?rest_route=\/wp\/v2\/users\/1"}],"replies":[{"embeddable":true,"href":"https:\/\/autoservice-wien.com\/index.php?rest_route=%2Fwp%2Fv2%2Fcomments&post=299"}],"version-history":[{"count":2,"href":"https:\/\/autoservice-wien.com\/index.php?rest_route=\/wp\/v2\/pages\/299\/revisions"}],"predecessor-version":[{"id":301,"href":"https:\/\/autoservice-wien.com\/index.php?rest_route=\/wp\/v2\/pages\/299\/revisions\/301"}],"wp:attachment":[{"href":"https:\/\/autoservice-wien.com\/index.php?rest_route=%2Fwp%2Fv2%2Fmedia&parent=299"}],"curies":[{"name":"wp","href":"https:\/\/api.w.org\/{rel}","templated":true}]}}